{"id":474,"date":"2024-08-16T15:56:08","date_gmt":"2024-08-16T13:56:08","guid":{"rendered":"https:\/\/www.finovation.eu\/imprint\/"},"modified":"2024-09-10T19:58:36","modified_gmt":"2024-09-10T17:58:36","slug":"imprint","status":"publish","type":"page","link":"https:\/\/www.finovation.eu\/ro\/imprint\/","title":{"rendered":"Imprint"},"content":{"rendered":"<p>[et_pb_section fb_built=&#8221;1&#8243; _builder_version=&#8221;4.27.0&#8243; _module_preset=&#8221;default&#8221; global_colors_info=&#8221;{}&#8221;][et_pb_row _builder_version=&#8221;4.27.0&#8243; _module_preset=&#8221;default&#8221; global_colors_info=&#8221;{}&#8221;][et_pb_column type=&#8221;4_4&#8243; _builder_version=&#8221;4.27.0&#8243; _module_preset=&#8221;default&#8221; global_colors_info=&#8221;{}&#8221;][et_pb_text _builder_version=&#8221;4.27.0&#8243; _module_preset=&#8221;default&#8221; hover_enabled=&#8221;0&#8243; global_colors_info=&#8221;{}&#8221; sticky_enabled=&#8221;0&#8243;]<\/p>\n<h2>Nume, adres\u0103 \u0219i date de contact<\/h2>\n<p>finovation GmbH Judengasse 18 A 96450 Coburg Germania<br \/><strong>Telefon:<\/strong> +49 9561 6755066<br \/><strong>Fax:<\/strong> +49 9561 6757088<br \/><strong>e-mail:<\/strong> <a href=\"mailto:info@finovation.eu\">info@finovation.eu<\/a><br \/><strong>Registrul comer\u021bului: <\/strong>HRB 6307 Tribunalul local Coburg<br \/><strong>Num\u0103rul de identificare fiscal\u0103 a v\u00e2nz\u0103rilor:<\/strong> DE326470498<br \/><strong>Director general:<\/strong> Michael-Robert Falk<\/p>\n<h3>Responsabil \u00een conformitate cu \u00a7 55 Abs.<br \/>\n2 RStV pentru con\u021binutul acestui site web \u0219i pentru profilurile companiei pe Facebook, Instagram, LinkedIn, YouTube, Google: <\/h3>\n<p>Michael-Robert Falk<\/p>\n<h2><\/h2>\n<h2>Tipul de activitate<\/h2>\n<p>Brokeraj de asigur\u0103ri \u0219i produse financiare, precum \u0219i contracte de economisire pentru societ\u0103\u021bi de construc\u021bii. Broker de asigur\u0103ri cu licen\u021b\u0103 \u00een conformitate cu \u00a7 34d alin.<br \/>\n1 din Legea privind reglementarea comer\u021bului \u0219i industriei.<br \/>\n(GewO)  <\/p>\n<p>N<strong>um\u0103r de \u00eenregistrare:<\/strong> D-YC3C-5WEWK-33 Broker de credite imobiliare cu o licen\u021b\u0103 \u00een conformitate cu \u00a7 34i din Legea privind reglementarea comer\u021bului, industriei \u0219i comer\u021bului.<br \/>\n(GewO) <\/p>\n<p>N<strong>um\u0103r de \u00eenregistrare:<\/strong> D-W-155-ELMA-29 Broker de asigur\u0103ri cu o licen\u021b\u0103 \u00een conformitate cu \u00a7 34c Para.<br \/>\n1 din Legea privind reglementarea comer\u021bului, industriei \u0219i comer\u021bului.<br \/>\n(GewO)  <\/p>\n<h2><\/h2>\n<h2>Registrul comun \u00een conformitate cu \u00a7 11 a alin.<br \/>\n1 GewO <\/h2>\n<p>Asocia\u021bia Camerelor Germane de Industrie \u0219i Comer\u021b (DIHK) e.V. Breite Stra\u00dfe 29 10178 Berlin<strong>Telefon:<\/strong> 0180 600 58 50 (tarif telefonie fix\u0103 0,20 euro\/apel; tarif telefonie mobil\u0103 maximum 0,60 euro\/apel)<a herf=\"\">www.vermittlerregister.info <\/a> <\/p>\n<h2><\/h2>\n<h2>Autorit\u0103\u021bi de autorizare<\/h2>\n<p>Camera de Comer\u021b \u0219i Industrie pentru M\u00fcnchen \u0219i Bavaria Superioar\u0103, Max-Joseph-Stra\u00dfe 2, 80333 M\u00fcnchen Ora\u0219ul Coburg, Rosengasse 1, 96450 Coburg<\/p>\n<h2><\/h2>\n<h2>Dezv\u0103luirea de\u021binerilor directe sau indirecte de peste 10 % \u00een societ\u0103\u021bi de asigurare sau de societ\u0103\u021bi de asigurare \u00een capitalul intermediarului de asigur\u0103ri de peste 10<\/h2>\n<p>finovation GmbH nu de\u021bine o participa\u021bie direct\u0103 sau indirect\u0103 mai mare de 10% din drepturile de vot sau din capitalul unei societ\u0103\u021bi de asigur\u0103ri. O societate de asigur\u0103ri nu de\u021bine o participa\u021bie direct\u0103 sau indirect\u0103 mai mare de 10% din drepturile de vot sau din capitalul finovation GmbH.<\/p>\n<h2><\/h2>\n<h2>Centre de arbitraj<\/h2>\n<p>Versicherungsombudsmann e.V. Postfach 08 06 32, 10006 Berlin<br \/><strong>Telefon:<\/strong> 0800 3696000 (gratuit din re\u021belele telefonice germane)<br \/><strong>Fax:<\/strong> 0800 3699000 (gratuit din re\u021belele telefonice germane)<\/p>\n<p>I<strong>nternet:<\/strong> <a>www.versicherungsombudsmann.de <\/a> Ombudsman pentru asigur\u0103rile private de s\u0103n\u0103tate \u0219i de \u00eengrijire pe termen lung Postfach 06 02 22, 10052 Berlin<br \/><strong>Telefon:<\/strong> 0800 2550444 (gratuit din re\u021belele telefonice germane)<br \/><strong>Fax:<\/strong> 030 20458931<br \/><strong>Internet:<\/strong> <a>www.pkv-ombudsmann.de<\/a><\/p>\n<h2><\/h2>\n<h2>Gestionarea reclama\u021biilor<\/h2>\n<p>Dac\u0103 nu sunte\u021bi mul\u021bumit de serviciile noastre, ave\u021bi op\u021biunea de a depune o pl\u00e2ngere la noi.<br \/>\nReclama\u021bia poate fi f\u0103cut\u0103 \u00een scris, prin scrisoare, e-mail sau fax.<br \/>\nPute\u021bi utiliza adresa \u0219i datele de contact men\u021bionate mai sus.<br \/>\n\u00cen cazul \u00een care primim o pl\u00e2ngere din partea dumneavoastr\u0103, vom confirma imediat primirea acesteia \u0219i v\u0103 vom informa cu privire la procedura de procesare a pl\u00e2ngerii \u0219i la durata aproximativ\u0103 de procesare.<br \/>\n\u00cen cazul \u00een care constat\u0103m c\u0103 pl\u00e2ngerea dumneavoastr\u0103 se refer\u0103 la o chestiune pentru care nu suntem responsabili, v\u0103 vom informa imediat \u0219i, \u00een m\u0103sura posibilului, v\u0103 vom informa cu privire la organismul responsabil.<br \/>\nVom examina pl\u00e2ngerea dvs. \u00een detaliu \u0219i ne vom str\u0103dui s\u0103 v\u0103 r\u0103spundem c\u00e2t mai repede posibil.<br \/>\n\u00cen cazul \u00een care acest lucru nu este posibil, v\u0103 vom informa cu privire la motivele \u00eent\u00e2rzierii \u0219i la data preconizat\u0103 pentru finalizarea investiga\u021biei.<br \/>\nLa cerere, v\u0103 vom furniza toate notific\u0103rile \u0219i informa\u021biile \u00een scris.<br \/>\n\u00cen cazul \u00een care nu suntem \u00een m\u0103sur\u0103 s\u0103 r\u0103spundem solicit\u0103rii dumneavoastr\u0103 sau nu suntem \u00een m\u0103sur\u0103 s\u0103 o facem integral, v\u0103 vom explica motivele \u0219i v\u0103 vom informa cu privire la op\u021biunile pe care le ave\u021bi la dispozi\u021bie pentru a v\u0103 continua solicitarea.        <\/p>\n<h2><\/h2>\n<h2>Consultan\u021b\u0103 privind brokerajul de asigur\u0103ri<\/h2>\n<p>Ca parte a procesului de brokeraj, finovation GmbH ofer\u0103 consultan\u021b\u0103 \u00een conformitate cu cerin\u021bele legale.<\/p>\n<h2><\/h2>\n<h2>Informa\u021bii privind tipul \u0219i sursa de remunerare \u00een calitate de broker de asigur\u0103ri<\/h2>\n<p>Remunera\u021bia pentru activitate ia forma unei pl\u0103\u021bi convenite \u00een mod specific de c\u0103tre client, , sau a unui comision inclus \u00een prima de asigurare, , care este pl\u0103tit de societatea de asigur\u0103ri respectiv\u0103, sau ca o combina\u021bie a ambelor, .<\/p>\n<p>Acest lucru depinde de dorin\u021bele \u0219i nevoile clientului \u0219i de produsele de asigurare care pot fi intermediate.<\/p>\n<h2>Informa\u021bii privind participarea la procedura de solu\u021bionare a litigiilor \u00een conformitate cu sec\u021biunea 36 din Legea privind solu\u021bionarea litigiilor \u00een materie de consum<\/h2>\n<p>finovation GmbH nu este obligat\u0103 \u0219i nici nu dore\u0219te s\u0103 participe la procedurile de solu\u021bionare a litigiilor \u00een fa\u021ba unei comisii de arbitraj a consumatorilor.<\/p>\n<h2><\/h2>\n<h2>Obliga\u021bia de a furniza informa\u021bii \u00een temeiul art. 14 alin.<br \/>\n1 din ODR-V <\/h2>\n<p>Platforma Comisiei Europene pentru solu\u021bionarea online a litigiilor: <a target=\"_blank\" href=\"https:\/\/ec.europa.eu\/consumers\/odr\" rel=\"noopener noreferrer\">https:\/\/ec.europa.eu\/consumers\/odr<\/a><\/p>\n<h2><\/h2>\n<h2>Informa\u021bii juridice<\/h2>\n<p>finovation GmbH verific\u0103 \u0219i actualizeaz\u0103 constant informa\u021biile de pe site-ul s\u0103u.<br \/>\n\u00cen ciuda grijii acordate, este posibil ca datele s\u0103 se fi modificat \u00eentre timp.<br \/>\nPrin urmare, nu poate fi asumat\u0103 nicio r\u0103spundere sau garan\u021bie pentru actualitatea, corectitudinea \u0219i exhaustivitatea informa\u021biilor furnizate.<br \/>\nAcela\u0219i lucru este valabil \u0219i pentru toate celelalte site-uri web la care se face trimitere prin hiperlinkuri.<br \/>\nfinovation GmbH nu este responsabil\u0103 pentru con\u021binutul site-urilor web accesate prin astfel de linkuri.<br \/>\nCon\u021binutul \u0219i structura site-ului finovation GmbH sunt protejate prin drepturi de autor.<br \/>\nReproducerea de informa\u021bii sau date, \u00een special utilizarea de texte, p\u0103r\u021bi de texte sau imagini, necesit\u0103 acordul prealabil al finovation GmbH.      <\/p>\n<h2><\/h2>\n<h2>Limit\u0103ri ale r\u0103spunderii<\/h2>\n<p>Con\u021binutul acestui site a fost compilat cu cea mai mare aten\u021bie posibil\u0103.<br \/>\nCu toate acestea, furnizorul nu \u00ee\u0219i asum\u0103 nicio r\u0103spundere pentru acurate\u021bea, integralitatea \u0219i actualitatea con\u021binutului furnizat.<br \/>\nUtilizarea con\u021binutului site-ului se face pe propriul risc al utilizatorului.<br \/>\nContribu\u021biile marcate prin nume reflect\u0103 opinia autorului respectiv \u0219i nu \u00eentotdeauna opinia furnizorului.<br \/>\nSimpla utilizare a site-ului web al furnizorului nu creeaz\u0103 nicio rela\u021bie contractual\u0103 \u00eentre utilizator \u0219i furnizor.<br \/>\nDin motive juridice \u0219i de securitate, e-mailurile din partea furnizorului nu sunt obligatorii din punct de vedere juridic.<br \/>\nLa cerere, ve\u021bi primi o confirmare juridic\u0103 obligatorie \u00een scris sau prin fax.<br \/>\nContractele, acordurile \u0219i informa\u021biile sunt obligatorii din punct de vedere juridic numai pentru prestator \u00een conformitate cu.<br \/>\n\u00a7\u00a7 126, 126a, 126b BGB (form\u0103: \u00een scris, semn\u0103tur\u0103 electronic\u0103 calificat\u0103 sau fax semnat).<br \/>\nE-mail-urile furnizorului con\u021bin informa\u021bii confiden\u021biale \u0219i protejate din punct de vedere juridic care sunt destinate numai destinatarului.<br \/>\nDac\u0103 nu sunte\u021bi destinatarul corect \u0219i a\u021bi primit din gre\u0219eal\u0103 un e-mail de la furnizor, v\u0103 rug\u0103m s\u0103 informa\u021bi imediat furnizorul \u0219i s\u0103 distruge\u021bi acest e-mail.<br \/>\nCopierea, redirec\u021bionarea sau publicarea con\u021binutului e-mailurilor de la furnizor f\u0103r\u0103 autoriza\u021bia acestuia nu este permis\u0103 \u0219i constituie o \u00eenc\u0103lcare a drepturilor de autor.           <\/p>\n<h2><\/h2>\n<h2>Leg\u0103turi externe<\/h2>\n<p>Acest site web con\u021bine linkuri c\u0103tre site-uri web ale ter\u021bilor (&#8222;linkuri externe&#8221;).<br \/>\nAceste site-uri web sunt supuse r\u0103spunderii operatorilor respectivi.<br \/>\nAtunci c\u00e2nd link-urile externe au fost create pentru prima dat\u0103, furnizorul nu avea cuno\u0219tin\u021b\u0103 de nicio \u00eenc\u0103lcare legal\u0103 cauzat\u0103 de con\u021binutul ter\u021bilor.<br \/>\nFurnizorul nu are niciun fel de influen\u021b\u0103 asupra designului \u0219i con\u021binutului actual \u0219i viitor al paginilor legate.<br \/>\nIncluderea de linkuri externe nu \u00eenseamn\u0103 c\u0103 furnizorul adopt\u0103 con\u021binutul din spatele referin\u021bei sau linkului ca fiind al s\u0103u.<br \/>\nNu se poate a\u0219tepta \u00een mod rezonabil ca furnizorul s\u0103 monitorizeze \u00een permanen\u021b\u0103 linkurile externe f\u0103r\u0103 dovezi concrete de \u00eenc\u0103lcare a legii.<br \/>\nCu toate acestea, astfel de linkuri externe vor fi \u0219terse imediat \u00een cazul \u00een care lu\u0103m cuno\u0219tin\u021b\u0103 de \u00eenc\u0103lc\u0103ri ale legii.      <\/p>\n<h2><\/h2>\n<h2>Drepturile de autor \u0219i drepturile conexe<\/h2>\n<p>Con\u021binutul publicat pe acest site web este supus legisla\u021biei germane privind drepturile de autor \u0219i drepturile de autor auxiliare.<br \/>\nOrice utilizare care nu este autorizat\u0103 de legisla\u021bia german\u0103 privind drepturile de autor \u0219i drepturile de autor auxiliare necesit\u0103 acordul prealabil scris al furnizorului sau al titularului drepturilor respective.<br \/>\nAceasta se aplic\u0103 \u00een special duplic\u0103rii, edit\u0103rii, traducerii, stoc\u0103rii, prelucr\u0103rii sau reproducerii con\u021binutului \u00een baze de date sau alte medii.<br \/>\nDrepturi de autor: finovation GmbH   <\/p>\n<h2><\/h2>\n<h2>Referin\u021be<\/h2>\n<p><span><br \/>\u00a9 Shutterstock.com \u00a9 fotolia.de<br \/><\/span><\/p>\n<p>[\/et_pb_text][\/et_pb_column][\/et_pb_row][\/et_pb_section]<\/p>\n","protected":false},"excerpt":{"rendered":"<p>Nume, adres\u0103 \u0219i date de contact finovation GmbH Judengasse 18 A 96450 Coburg GermaniaTelefon: +49 9561 6755066Fax: +49 9561 6757088e-mail: info@finovation.euRegistrul comer\u021bului: HRB 6307 Tribunalul local CoburgNum\u0103rul de identificare fiscal\u0103 a v\u00e2nz\u0103rilor: DE326470498Director general: Michael-Robert Falk Responsabil \u00een conformitate cu \u00a7 55 Abs. 2 RStV pentru con\u021binutul acestui site web \u0219i pentru profilurile companiei pe [&hellip;]<\/p>\n","protected":false},"author":1,"featured_media":0,"parent":0,"menu_order":0,"comment_status":"closed","ping_status":"closed","template":"","meta":{"_et_pb_use_builder":"on","_et_pb_old_content":"","_et_gb_content_width":"","footnotes":""},"class_list":["post-474","page","type-page","status-publish","hentry"],"_links":{"self":[{"href":"https:\/\/www.finovation.eu\/ro\/wp-json\/wp\/v2\/pages\/474","targetHints":{"allow":["GET"]}}],"collection":[{"href":"https:\/\/www.finovation.eu\/ro\/wp-json\/wp\/v2\/pages"}],"about":[{"href":"https:\/\/www.finovation.eu\/ro\/wp-json\/wp\/v2\/types\/page"}],"author":[{"embeddable":true,"href":"https:\/\/www.finovation.eu\/ro\/wp-json\/wp\/v2\/users\/1"}],"replies":[{"embeddable":true,"href":"https:\/\/www.finovation.eu\/ro\/wp-json\/wp\/v2\/comments?post=474"}],"version-history":[{"count":2,"href":"https:\/\/www.finovation.eu\/ro\/wp-json\/wp\/v2\/pages\/474\/revisions"}],"predecessor-version":[{"id":476,"href":"https:\/\/www.finovation.eu\/ro\/wp-json\/wp\/v2\/pages\/474\/revisions\/476"}],"wp:attachment":[{"href":"https:\/\/www.finovation.eu\/ro\/wp-json\/wp\/v2\/media?parent=474"}],"curies":[{"name":"wp","href":"https:\/\/api.w.org\/{rel}","templated":true}]}}